{"id":2242,"date":"2023-01-30T08:41:34","date_gmt":"2023-01-30T08:41:34","guid":{"rendered":"https:\/\/renegonzalezpsicologia.com.y2kwebs.com\/aviso-legal\/"},"modified":"2023-05-04T07:58:09","modified_gmt":"2023-05-04T07:58:09","slug":"avis-legal","status":"publish","type":"page","link":"https:\/\/renegonzalezpsicologia.com\/ca\/avis-legal\/","title":{"rendered":"Av\u00eds legal"},"content":{"rendered":"\t\t<div data-elementor-type=\"wp-page\" data-elementor-id=\"2242\" class=\"elementor elementor-2242 elementor-512\">\n\t\t\t\t\t\t<section class=\"elementor-section elementor-top-section elementor-element elementor-element-fe775c1 elementor-section-stretched elementor-section-height-min-height elementor-section-boxed elementor-section-height-default elementor-section-items-middle\" data-id=\"fe775c1\" data-element_type=\"section\" data-e-type=\"section\" data-settings=\"{&quot;stretch_section&quot;:&quot;section-stretched&quot;,&quot;background_background&quot;:&quot;classic&quot;}\">\n\t\t\t\t\t\t\t<div class=\"elementor-background-overlay\"><\/div>\n\t\t\t\t\t\t\t<div class=\"elementor-container elementor-column-gap-default\">\n\t\t\t\t\t<div class=\"elementor-column elementor-col-100 elementor-top-column elementor-element elementor-element-b58a694\" data-id=\"b58a694\" data-element_type=\"column\" data-e-type=\"column\">\n\t\t\t<div class=\"elementor-widget-wrap elementor-element-populated\">\n\t\t\t\t\t\t<div class=\"elementor-element elementor-element-b611f45 elementor-invisible elementor-widget elementor-widget-heading\" data-id=\"b611f45\" data-element_type=\"widget\" data-e-type=\"widget\" data-settings=\"{&quot;_animation&quot;:&quot;fadeInDown&quot;}\" data-widget_type=\"heading.default\">\n\t\t\t\t<div class=\"elementor-widget-container\">\n\t\t\t\t\t<h1 class=\"elementor-heading-title elementor-size-default\">Av\u00eds Legal<\/h1>\t\t\t\t<\/div>\n\t\t\t\t<\/div>\n\t\t\t\t\t<\/div>\n\t\t<\/div>\n\t\t\t\t\t<\/div>\n\t\t<\/section>\n\t\t\t\t<section class=\"elementor-section elementor-top-section elementor-element elementor-element-58c2cfc elementor-section-stretched elementor-section-boxed elementor-section-height-default elementor-section-height-default\" data-id=\"58c2cfc\" data-element_type=\"section\" data-e-type=\"section\" data-settings=\"{&quot;stretch_section&quot;:&quot;section-stretched&quot;,&quot;background_background&quot;:&quot;classic&quot;}\">\n\t\t\t\t\t\t<div class=\"elementor-container elementor-column-gap-default\">\n\t\t\t\t\t<div class=\"elementor-column elementor-col-100 elementor-top-column elementor-element elementor-element-9a48fad\" data-id=\"9a48fad\" data-element_type=\"column\" data-e-type=\"column\">\n\t\t\t<div class=\"elementor-widget-wrap elementor-element-populated\">\n\t\t\t\t\t\t<div class=\"elementor-element elementor-element-c3c3ce4 elementor-widget elementor-widget-text-editor\" data-id=\"c3c3ce4\" data-element_type=\"widget\" data-e-type=\"widget\" data-widget_type=\"text-editor.default\">\n\t\t\t\t<div class=\"elementor-widget-container\">\n\t\t\t\t\t\t\t\t\t<p>El presente aviso legal regula el uso del sitio web www.renegonzalezpsicologia.com , propiedad de Ren\u00e9 Gonz\u00e1lez Rubio NIF 47942700M, domicilio en Av. Cerdanyola 75, entl derecha puerta 5, de Sant Cugat del Vall\u00e8s &#8211; Barcelona y correo electr\u00f3nico de contacto <a href=\"mailto:psic@renegonzalezpsicologia.com\">psic@renegonzalezpsicologia.com<\/a><\/p><p>El acceso y uso del sitio web implica la aceptaci\u00f3n plena y sin reservas de todas las disposiciones incluidas en este aviso legal. Si el usuario no est\u00e1 de acuerdo con cualquiera de las condiciones establecidas, deber\u00e1 abstenerse de utilizar el sitio web.<\/p><p>Ren\u00e9 Gonz\u00e1lez Rubio no asume ninguna responsabilidad derivada del uso incorrecto, inapropiado o il\u00edcito de la informaci\u00f3n aparecida en la web. Tampoco asume ninguna responsabilidad derivada de la falta de veracidad, integridad, actualizaci\u00f3n y precisi\u00f3n de los datos o informaciones que contienen en su p\u00e1gina web.<\/p><p>El contenido del sitio web tiene car\u00e1cter informativo y en ning\u00fan caso constituye asesoramiento legal, profesional o de ning\u00fan otro tipo. El titular del sitio web no se responsabiliza de las decisiones que pudieran adoptarse a partir del uso de la informaci\u00f3n contenida en el sitio web ni de los posibles errores o imprecisiones que puedan existir.<\/p><p>El titular del sitio web se reserva el derecho de modificar en cualquier momento, y sin necesidad de previo aviso, las condiciones de uso del sitio web, as\u00ed como los servicios y contenidos ofrecidos a trav\u00e9s del mismo.<\/p><p>El sitio web puede contener enlaces a otros sitios web gestionados por terceros, sobre los que el titular del sitio web no ejerce control alguno. Por lo tanto, el titular del sitio web no se responsabiliza del contenido ni de las condiciones de uso de dichos sitios web.<\/p><p>Los textos, im\u00e1genes, animaciones, y el resto de contenidos incluidos en este website son propiedad exclusiva de Ren\u00e9 Gonz\u00e1lez Rubio o sus licenciantes. Cualquier acto de transmisi\u00f3n, distribuci\u00f3n, cesi\u00f3n, reproducci\u00f3n, almacenamiento o comunicaci\u00f3n p\u00fablica total o parcial, debe contar con el expreso consentimiento del propietario de esta web.<\/p><p>El usuario se compromete a hacer un uso adecuado y l\u00edcito del sitio web y de sus contenidos, as\u00ed como a no utilizarlos para incurrir en actividades il\u00edcitas o contrarias a la buena fe y al orden p\u00fablico.<br \/>El titular del sitio web se reserva el derecho de denegar o retirar el acceso al sitio web y\/o a los servicios ofrecidos sin necesidad de previo aviso, a aquellos usuarios que incumplan este aviso legal o las condiciones particulares que regulen el uso de un determinado servicio ofrecido a trav\u00e9s del sitio web.<\/p><p>El presente aviso legal se rige por la legislaci\u00f3n espa\u00f1ola. Para cualquier controversia que pudiera derivarse del acceso o uso del sitio web, ambas partes se someten a los Juzgados y Tribunales de Barcelona.<\/p><p><em>Fecha de \u00faltima actualizaci\u00f3n: 02 de mayo de 2023<\/em><\/p><p>\u00a0<\/p>\t\t\t\t\t\t\t\t<\/div>\n\t\t\t\t<\/div>\n\t\t\t\t\t<\/div>\n\t\t<\/div>\n\t\t\t\t\t<\/div>\n\t\t<\/section>\n\t\t\t\t<\/div>\n\t\t","protected":false},"excerpt":{"rendered":"<p>Av\u00eds Legal El presente aviso legal regula el uso del sitio web www.renegonzalezpsicologia.com , propiedad de Ren\u00e9 Gonz\u00e1lez Rubio NIF 47942700M, domicilio en Av. Cerdanyola 75, entl derecha puerta 5, de Sant Cugat del Vall\u00e8s &#8211; Barcelona y correo electr\u00f3nico de contacto psic@renegonzalezpsicologia.com El acceso y uso del sitio web implica la aceptaci\u00f3n plena y [&hellip;]<\/p>\n","protected":false},"author":1,"featured_media":0,"parent":0,"menu_order":0,"comment_status":"closed","ping_status":"closed","template":"","meta":{"site-sidebar-layout":"no-sidebar","site-content-layout":"page-builder","ast-site-content-layout":"default","site-content-style":"default","site-sidebar-style":"default","ast-global-header-display":"","ast-banner-title-visibility":"","ast-main-header-display":"","ast-hfb-above-header-display":"","ast-hfb-below-header-display":"","ast-hfb-mobile-header-display":"","site-post-title":"disabled","ast-breadcrumbs-content":"","ast-featured-img":"disabled","footer-sml-layout":"","ast-disable-related-posts":"","theme-transparent-header-meta":"","adv-header-id-meta":"","stick-header-meta":"","header-above-stick-meta":"","header-main-stick-meta":"","header-below-stick-meta":"","astra-migrate-meta-layouts":"default","ast-page-background-enabled":"default","ast-page-background-meta":{"desktop":{"background-color":"var(--ast-global-color-4)","background-image":"","background-repeat":"repeat","background-position":"center center","background-size":"auto","background-attachment":"scroll","background-type":"","background-media":"","overlay-type":"","overlay-color":"","overlay-opacity":"","overlay-gradient":""},"tablet":{"background-color":"","background-image":"","background-repeat":"repeat","background-position":"center center","background-size":"auto","background-attachment":"scroll","background-type":"","background-media":"","overlay-type":"","overlay-color":"","overlay-opacity":"","overlay-gradient":""},"mobile":{"background-color":"","background-image":"","background-repeat":"repeat","background-position":"center center","background-size":"auto","background-attachment":"scroll","background-type":"","background-media":"","overlay-type":"","overlay-color":"","overlay-opacity":"","overlay-gradient":""}},"ast-content-background-meta":{"desktop":{"background-color":"var(--ast-global-color-5)","background-image":"","background-repeat":"repeat","background-position":"center center","background-size":"auto","background-attachment":"scroll","background-type":"","background-media":"","overlay-type":"","overlay-color":"","overlay-opacity":"","overlay-gradient":""},"tablet":{"background-color":"var(--ast-global-color-5)","background-image":"","background-repeat":"repeat","background-position":"center center","background-size":"auto","background-attachment":"scroll","background-type":"","background-media":"","overlay-type":"","overlay-color":"","overlay-opacity":"","overlay-gradient":""},"mobile":{"background-color":"var(--ast-global-color-5)","background-image":"","background-repeat":"repeat","background-position":"center center","background-size":"auto","background-attachment":"scroll","background-type":"","background-media":"","overlay-type":"","overlay-color":"","overlay-opacity":"","overlay-gradient":""}},"footnotes":""},"class_list":["post-2242","page","type-page","status-publish","hentry"],"_links":{"self":[{"href":"https:\/\/renegonzalezpsicologia.com\/ca\/wp-json\/wp\/v2\/pages\/2242","targetHints":{"allow":["GET"]}}],"collection":[{"href":"https:\/\/renegonzalezpsicologia.com\/ca\/wp-json\/wp\/v2\/pages"}],"about":[{"href":"https:\/\/renegonzalezpsicologia.com\/ca\/wp-json\/wp\/v2\/types\/page"}],"author":[{"embeddable":true,"href":"https:\/\/renegonzalezpsicologia.com\/ca\/wp-json\/wp\/v2\/users\/1"}],"replies":[{"embeddable":true,"href":"https:\/\/renegonzalezpsicologia.com\/ca\/wp-json\/wp\/v2\/comments?post=2242"}],"version-history":[{"count":0,"href":"https:\/\/renegonzalezpsicologia.com\/ca\/wp-json\/wp\/v2\/pages\/2242\/revisions"}],"wp:attachment":[{"href":"https:\/\/renegonzalezpsicologia.com\/ca\/wp-json\/wp\/v2\/media?parent=2242"}],"curies":[{"name":"wp","href":"https:\/\/api.w.org\/{rel}","templated":true}]}}