{"id":2255,"date":"2023-05-04T07:52:34","date_gmt":"2023-05-04T07:52:34","guid":{"rendered":"https:\/\/renegonzalezpsicologia.com.y2kwebs.com\/politica-de-privacidad\/"},"modified":"2025-10-22T12:09:00","modified_gmt":"2025-10-22T12:09:00","slug":"politica-de-privacitat","status":"publish","type":"page","link":"https:\/\/renegonzalezpsicologia.com\/ca\/politica-de-privacitat\/","title":{"rendered":"Pol\u00edtica de privacitat"},"content":{"rendered":"\t\t<div data-elementor-type=\"wp-page\" data-elementor-id=\"2255\" class=\"elementor elementor-2255 elementor-2231\">\n\t\t\t\t\t\t<section class=\"elementor-section elementor-top-section elementor-element elementor-element-fe775c1 elementor-section-stretched elementor-section-height-min-height elementor-section-boxed elementor-section-height-default elementor-section-items-middle\" data-id=\"fe775c1\" data-element_type=\"section\" data-e-type=\"section\" data-settings=\"{&quot;stretch_section&quot;:&quot;section-stretched&quot;,&quot;background_background&quot;:&quot;classic&quot;}\">\n\t\t\t\t\t\t\t<div class=\"elementor-background-overlay\"><\/div>\n\t\t\t\t\t\t\t<div class=\"elementor-container elementor-column-gap-default\">\n\t\t\t\t\t<div class=\"elementor-column elementor-col-100 elementor-top-column elementor-element elementor-element-b58a694\" data-id=\"b58a694\" data-element_type=\"column\" data-e-type=\"column\">\n\t\t\t<div class=\"elementor-widget-wrap elementor-element-populated\">\n\t\t\t\t\t\t<div class=\"elementor-element elementor-element-b611f45 elementor-invisible elementor-widget elementor-widget-heading\" data-id=\"b611f45\" data-element_type=\"widget\" data-e-type=\"widget\" data-settings=\"{&quot;_animation&quot;:&quot;fadeInDown&quot;}\" data-widget_type=\"heading.default\">\n\t\t\t\t<div class=\"elementor-widget-container\">\n\t\t\t\t\t<h1 class=\"elementor-heading-title elementor-size-default\">Pol\u00edtica de Privacitat<\/h1>\t\t\t\t<\/div>\n\t\t\t\t<\/div>\n\t\t\t\t\t<\/div>\n\t\t<\/div>\n\t\t\t\t\t<\/div>\n\t\t<\/section>\n\t\t\t\t<section class=\"elementor-section elementor-top-section elementor-element elementor-element-58c2cfc elementor-section-stretched elementor-section-boxed elementor-section-height-default elementor-section-height-default\" data-id=\"58c2cfc\" data-element_type=\"section\" data-e-type=\"section\" data-settings=\"{&quot;stretch_section&quot;:&quot;section-stretched&quot;,&quot;background_background&quot;:&quot;classic&quot;}\">\n\t\t\t\t\t\t<div class=\"elementor-container elementor-column-gap-default\">\n\t\t\t\t\t<div class=\"elementor-column elementor-col-100 elementor-top-column elementor-element elementor-element-9a48fad\" data-id=\"9a48fad\" data-element_type=\"column\" data-e-type=\"column\">\n\t\t\t<div class=\"elementor-widget-wrap elementor-element-populated\">\n\t\t\t\t\t\t<div class=\"elementor-element elementor-element-c3c3ce4 elementor-widget elementor-widget-text-editor\" data-id=\"c3c3ce4\" data-element_type=\"widget\" data-e-type=\"widget\" data-widget_type=\"text-editor.default\">\n\t\t\t\t<div class=\"elementor-widget-container\">\n\t\t\t\t\t\t\t\t\t<p><strong>1 .Informaci\u00f3n al usuario<\/strong><\/p><p>Ren\u00e9 Gonz\u00e1lez Rubio es el responsable del tratamiento de los datos personales del usuario y le informa de que estos datos ser\u00e1n tratados de conformidad con lo establecido en la normativa vigente en materia de protecci\u00f3n de datos personales, el Reglamento (UE) 2016\/679 del Parlamento Europeo y del Consejo, de 27 de abril de 2016, relativo a la protecci\u00f3n de las personas f\u00edsicas en lo que respecta al tratamiento de datos personales y a la libre circulaci\u00f3n de estos datos.<\/p><p><strong>2. Finalidad del tratamiento<\/strong><\/p><p>Los datos personales proporcionados por el usuario a trav\u00e9s de los formularios dispuestos al efecto en el sitio web ser\u00e1n tratados con la finalidad de prestar los servicios solicitados, gestionar la relaci\u00f3n comercial y administrativa con el usuario, as\u00ed como enviarle informaci\u00f3n comercial y publicitaria relacionada con los productos y servicios ofrecidos por Ren\u00e9 Gonz\u00e1lez Rubio, psic\u00f3logo.<\/p><p><strong>3. Legitimaci\u00f3n del tratamiento<\/strong><\/p><p>La legitimaci\u00f3n del tratamiento de los datos personales del usuario se basa en el consentimiento prestado por este, al aceptar la presente pol\u00edtica de privacidad.<\/p><p><strong>4. Destinatarios de los datos<\/strong><\/p><p>Los datos personales del usuario podr\u00e1n ser comunicados a terceros en caso de que resulte necesario para la prestaci\u00f3n de los servicios solicitados o para el cumplimiento de una obligaci\u00f3n legal.<\/p><p><strong>5. Derechos del usuario<\/strong><\/p><p>El usuario tiene derecho a obtener confirmaci\u00f3n sobre si en Ren\u00e9 Gonz\u00e1lez Rubio estamos tratando sus datos personales, y a acceder a los mismos, rectificar los datos inexactos o solicitar su supresi\u00f3n cuando los datos ya no sean necesarios para los fines para los que fueron recogidos, entre otros derechos.<\/p><p>El usuario podr\u00e1 ejercer los derechos de acceso, rectificaci\u00f3n, cancelaci\u00f3n, oposici\u00f3n, limitaci\u00f3n del tratamiento y portabilidad, mediante solicitud escrita y firmada dirigida a Ren\u00e9 Gonz\u00e1lez Rubio a la direcci\u00f3n Av. Cerdanyola 75, entl derecha puerta 5, de Sant Cugat del Vall\u00e8s &#8211; Barcelona, o mediante correo electr\u00f3nico a <a href=\"mailto:psic@renegonzalezpsicologia.com\">psic@renegonzalezpsicologia.com<\/a><\/p><p><strong>6. Conservaci\u00f3n de los datos<\/strong><\/p><p>Los datos personales proporcionados por el usuario se conservar\u00e1n mientras se mantenga la relaci\u00f3n comercial con el mismo, o durante el tiempo necesario para cumplir con las obligaciones legales.<\/p><p><strong>7. Seguridad<\/strong><\/p><p>Ren\u00e9 Gonz\u00e1lez Rubio se compromete a tratar los datos personales del usuario con la m\u00e1xima confidencialidad y a implementar las medidas de seguridad necesarias para garantizar la seguridad de dichos datos y evitar su alteraci\u00f3n, p\u00e9rdida, tratamiento o acceso no autorizado, teniendo en cuenta el estado de la t\u00e9cnica, los costes de aplicaci\u00f3n y la naturaleza, alcance, contexto y fines del tratamiento, as\u00ed como los riesgos de probabilidad y gravedad variables para los derechos y libertades de las personas f\u00edsicas.<\/p><p><strong>8. Modificaci\u00f3n de la pol\u00edtica de privacidad<\/strong><\/p><p>Ren\u00e9 Gonz\u00e1lez Rubio se reserva el derecho a modificar la presente pol\u00edtica de privacidad para adaptarla a futuras novedades legislativas o jurisprudenciales, as\u00ed como a pr\u00e1cticas de la industria. En dichos supuestos, se informar\u00e1 al usuario de dichas modificaciones a trav\u00e9s del sitio web o por cualquier otro medio adecuado, con antelaci\u00f3n suficiente para que el usuario pueda revisar los cambios y, en su caso, manifestar su consentimiento. Si el usuario no estuviera de acuerdo con las modificaciones realizadas, podr\u00e1 ejercer sus derechos tal como se indica en el apartado 5 de esta pol\u00edtica de privacidad. El uso continuado del sitio web despu\u00e9s de la notificaci\u00f3n de dichos cambios se considerar\u00e1 como aceptaci\u00f3n por parte del usuario de las modificaciones introducidas en la pol\u00edtica de privacidad.<\/p>\t\t\t\t\t\t\t\t<\/div>\n\t\t\t\t<\/div>\n\t\t\t\t\t<\/div>\n\t\t<\/div>\n\t\t\t\t\t<\/div>\n\t\t<\/section>\n\t\t\t\t<\/div>\n\t\t","protected":false},"excerpt":{"rendered":"<p>Pol\u00edtica de Privacitat 1 .Informaci\u00f3n al usuario Ren\u00e9 Gonz\u00e1lez Rubio es el responsable del tratamiento de los datos personales del usuario y le informa de que estos datos ser\u00e1n tratados de conformidad con lo establecido en la normativa vigente en materia de protecci\u00f3n de datos personales, el Reglamento (UE) 2016\/679 del Parlamento Europeo y del [&hellip;]<\/p>\n","protected":false},"author":1,"featured_media":0,"parent":0,"menu_order":0,"comment_status":"closed","ping_status":"closed","template":"","meta":{"site-sidebar-layout":"no-sidebar","site-content-layout":"page-builder","ast-site-content-layout":"default","site-content-style":"default","site-sidebar-style":"default","ast-global-header-display":"","ast-banner-title-visibility":"","ast-main-header-display":"","ast-hfb-above-header-display":"","ast-hfb-below-header-display":"","ast-hfb-mobile-header-display":"","site-post-title":"disabled","ast-breadcrumbs-content":"","ast-featured-img":"disabled","footer-sml-layout":"","ast-disable-related-posts":"","theme-transparent-header-meta":"","adv-header-id-meta":"","stick-header-meta":"","header-above-stick-meta":"","header-main-stick-meta":"","header-below-stick-meta":"","astra-migrate-meta-layouts":"default","ast-page-background-enabled":"default","ast-page-background-meta":{"desktop":{"background-color":"var(--ast-global-color-4)","background-image":"","background-repeat":"repeat","background-position":"center center","background-size":"auto","background-attachment":"scroll","background-type":"","background-media":"","overlay-type":"","overlay-color":"","overlay-opacity":"","overlay-gradient":""},"tablet":{"background-color":"","background-image":"","background-repeat":"repeat","background-position":"center center","background-size":"auto","background-attachment":"scroll","background-type":"","background-media":"","overlay-type":"","overlay-color":"","overlay-opacity":"","overlay-gradient":""},"mobile":{"background-color":"","background-image":"","background-repeat":"repeat","background-position":"center center","background-size":"auto","background-attachment":"scroll","background-type":"","background-media":"","overlay-type":"","overlay-color":"","overlay-opacity":"","overlay-gradient":""}},"ast-content-background-meta":{"desktop":{"background-color":"var(--ast-global-color-5)","background-image":"","background-repeat":"repeat","background-position":"center center","background-size":"auto","background-attachment":"scroll","background-type":"","background-media":"","overlay-type":"","overlay-color":"","overlay-opacity":"","overlay-gradient":""},"tablet":{"background-color":"var(--ast-global-color-5)","background-image":"","background-repeat":"repeat","background-position":"center center","background-size":"auto","background-attachment":"scroll","background-type":"","background-media":"","overlay-type":"","overlay-color":"","overlay-opacity":"","overlay-gradient":""},"mobile":{"background-color":"var(--ast-global-color-5)","background-image":"","background-repeat":"repeat","background-position":"center center","background-size":"auto","background-attachment":"scroll","background-type":"","background-media":"","overlay-type":"","overlay-color":"","overlay-opacity":"","overlay-gradient":""}},"footnotes":""},"class_list":["post-2255","page","type-page","status-publish","hentry"],"_links":{"self":[{"href":"https:\/\/renegonzalezpsicologia.com\/ca\/wp-json\/wp\/v2\/pages\/2255","targetHints":{"allow":["GET"]}}],"collection":[{"href":"https:\/\/renegonzalezpsicologia.com\/ca\/wp-json\/wp\/v2\/pages"}],"about":[{"href":"https:\/\/renegonzalezpsicologia.com\/ca\/wp-json\/wp\/v2\/types\/page"}],"author":[{"embeddable":true,"href":"https:\/\/renegonzalezpsicologia.com\/ca\/wp-json\/wp\/v2\/users\/1"}],"replies":[{"embeddable":true,"href":"https:\/\/renegonzalezpsicologia.com\/ca\/wp-json\/wp\/v2\/comments?post=2255"}],"version-history":[{"count":0,"href":"https:\/\/renegonzalezpsicologia.com\/ca\/wp-json\/wp\/v2\/pages\/2255\/revisions"}],"wp:attachment":[{"href":"https:\/\/renegonzalezpsicologia.com\/ca\/wp-json\/wp\/v2\/media?parent=2255"}],"curies":[{"name":"wp","href":"https:\/\/api.w.org\/{rel}","templated":true}]}}